{"id":1175,"date":"2022-05-04T10:58:47","date_gmt":"2022-05-04T08:58:47","guid":{"rendered":"https:\/\/escapefood.com\/escape-food-junior\/"},"modified":"2024-07-24T12:20:29","modified_gmt":"2024-07-24T10:20:29","slug":"escape-food-junior","status":"publish","type":"page","link":"https:\/\/escapefood.com\/es\/escape-food-junior\/","title":{"rendered":"Escape Food Junior"},"content":{"rendered":"<p>[et_pb_section fb_built=\u00bb1&#8243; fullwidth=\u00bbon\u00bb _builder_version=\u00bb4.16&#8243; _module_preset=\u00bbdefault\u00bb bottom_divider_style=\u00bbarrow3&#8243; bottom_divider_color=\u00bb#F9EB1E\u00bb global_colors_info=\u00bb{}\u00bb][et_pb_fullwidth_image src=\u00bbhttps:\/\/escapefood.com\/wp-content\/uploads\/2023\/08\/Escape-Food-Junior.jpg\u00bb title_text=\u00bbEscape Food Junior\u00bb _builder_version=\u00bb4.16&#8243; _module_preset=\u00bbdefault\u00bb global_colors_info=\u00bb{}\u00bb][\/et_pb_fullwidth_image][\/et_pb_section][et_pb_section fb_built=\u00bb1&#8243; admin_label=\u00bbsection\u00bb _builder_version=\u00bb4.16&#8243; background_color=\u00bb#F9EB1E\u00bb custom_margin=\u00bb||||false|false\u00bb custom_padding=\u00bb50px||50px||false|false\u00bb locked=\u00bboff\u00bb global_colors_info=\u00bb{}\u00bb][et_pb_row admin_label=\u00bbrow\u00bb _builder_version=\u00bb4.16&#8243; background_size=\u00bbinitial\u00bb background_position=\u00bbtop_left\u00bb background_repeat=\u00bbrepeat\u00bb global_colors_info=\u00bb{}\u00bb][et_pb_column type=\u00bb4_4&#8243; _builder_version=\u00bb4.16&#8243; custom_padding=\u00bb|||\u00bb global_colors_info=\u00bb{}\u00bb custom_padding__hover=\u00bb|||\u00bb][et_pb_text admin_label=\u00bbT\u00edtol\u00bb _builder_version=\u00bb4.16&#8243; _module_preset=\u00bbdefault\u00bb text_text_color=\u00bb#222222&#8243; text_font_size=\u00bb20px\u00bb header_font=\u00bb|||on|||||\u00bb header_text_color=\u00bb#222222&#8243; header_font_size=\u00bb50px\u00bb text_orientation=\u00bbcenter\u00bb header_font_size_tablet=\u00bb50px\u00bb header_font_size_phone=\u00bb30px\u00bb header_font_size_last_edited=\u00bbon|phone\u00bb global_colors_info=\u00bb{}\u00bb]<\/p>\n<h1>\u00a1Ya est\u00e1 aqu\u00ed el Escape Food Junior!<\/h1>\n<p>[\/et_pb_text][et_pb_text _builder_version=\u00bb4.16&#8243; _module_preset=\u00bbdefault\u00bb text_text_color=\u00bb#222222&#8243; text_font_size=\u00bb20px\u00bb text_orientation=\u00bbcenter\u00bb global_colors_info=\u00bb{}\u00bb]<\/p>\n<p>\u00a1En este <em>escape room<\/em> infantil <strong>muchas misiones para salvar el planeta<\/strong> os esperan! Los participantes entrar\u00e9is en una nave especial y adquirir\u00e9is los poderes suficientes para salvar la tierra.<\/p>\n<p>\u00a1Trabaja en equipo, busca pistas, soluciona enigmas y aprende c\u00f3mo hacer un mundo mejor! \u00a1Un <strong>escape room infantil<\/strong> \u00fanico!<\/p>\n<p><b>Jugando,<\/b> aprender\u00e9is la importancia de <strong>reducir el desperdicio de alimentos, de consumir menos pl\u00e1sticos, de comer pescado de forma sostenible y de comprar productos de proximidad.<\/strong><\/p>\n<p>El Escape Food Junior <strong>est\u00e1 destinado a<\/strong> <strong>familias, alumnado de escuelas y a ni\u00f1os y ni\u00f1as<\/strong> en general que quieran pasar un buen rato, celebrar un cumplea\u00f1os&#8230;<\/p>\n<p>\u00a1Pueden jugar hasta 4 equipos a la vez!<\/p>\n<p>[\/et_pb_text][\/et_pb_column][\/et_pb_row][et_pb_row column_structure=\u00bb1_4,1_4,1_4,1_4&#8243; _builder_version=\u00bb4.16&#8243; _module_preset=\u00bbdefault\u00bb custom_margin=\u00bb10px||||false|false\u00bb global_colors_info=\u00bb{}\u00bb][et_pb_column type=\u00bb1_4&#8243; _builder_version=\u00bb4.16&#8243; _module_preset=\u00bbdefault\u00bb global_colors_info=\u00bb{}\u00bb][\/et_pb_column][et_pb_column type=\u00bb1_4&#8243; _builder_version=\u00bb4.16&#8243; _module_preset=\u00bbdefault\u00bb global_colors_info=\u00bb{}\u00bb][et_pb_image src=\u00bbhttps:\/\/escapefood.com\/wp-content\/uploads\/2021\/12\/Fundesplai_gran.png\u00bb title_text=\u00bbFundesplai_gran\u00bb _builder_version=\u00bb4.16&#8243; _module_preset=\u00bbdefault\u00bb custom_margin=\u00bb10px|10px|10px|10px|false|false\u00bb global_colors_info=\u00bb{}\u00bb][\/et_pb_image][\/et_pb_column][et_pb_column type=\u00bb1_4&#8243; _builder_version=\u00bb4.16&#8243; _module_preset=\u00bbdefault\u00bb global_colors_info=\u00bb{}\u00bb][et_pb_image src=\u00bbhttps:\/\/escapefood.com\/wp-content\/uploads\/2021\/12\/crono-menu-x1.png\u00bb title_text=\u00bbcrono-menu-x1&#8243; _builder_version=\u00bb4.16&#8243; _module_preset=\u00bbdefault\u00bb custom_margin=\u00bb10px|10px|10px|10px|false|false\u00bb global_colors_info=\u00bb{}\u00bb][\/et_pb_image][\/et_pb_column][et_pb_column type=\u00bb1_4&#8243; _builder_version=\u00bb4.16&#8243; _module_preset=\u00bbdefault\u00bb global_colors_info=\u00bb{}\u00bb][\/et_pb_column][\/et_pb_row][et_pb_row column_structure=\u00bb1_3,1_3,1_3&#8243; _builder_version=\u00bb4.16&#8243; _module_preset=\u00bbdefault\u00bb custom_margin=\u00bb30px||||false|false\u00bb locked=\u00bboff\u00bb global_colors_info=\u00bb{}\u00bb][et_pb_column type=\u00bb1_3&#8243; _builder_version=\u00bb4.16&#8243; _module_preset=\u00bbdefault\u00bb global_colors_info=\u00bb{}\u00bb][\/et_pb_column][et_pb_column type=\u00bb1_3&#8243; _builder_version=\u00bb4.16&#8243; _module_preset=\u00bbdefault\u00bb global_colors_info=\u00bb{}\u00bb][et_pb_button button_url=\u00bbescapefood2050@menjaactuaimpacta.org\u00bb url_new_window=\u00bbon\u00bb button_text=\u00bb\u00a1Contacta con nosotros!\u00bb button_alignment=\u00bbcenter\u00bb admin_label=\u00bbButton Reserva\u00bb _builder_version=\u00bb4.24.3&#8243; _module_preset=\u00bbdefault\u00bb custom_margin=\u00bb10px|10px|10px|10px|false|false\u00bb hover_enabled=\u00bb0&#8243; global_colors_info=\u00bb{}\u00bb sticky_enabled=\u00bb0&#8243;][\/et_pb_button][\/et_pb_column][et_pb_column type=\u00bb1_3&#8243; _builder_version=\u00bb4.16&#8243; _module_preset=\u00bbdefault\u00bb global_colors_info=\u00bb{}\u00bb][\/et_pb_column][\/et_pb_row][et_pb_row _builder_version=\u00bb4.16&#8243; _module_preset=\u00bbdefault\u00bb custom_margin=\u00bb25px||||false|false\u00bb global_colors_info=\u00bb{}\u00bb][et_pb_column type=\u00bb4_4&#8243; _builder_version=\u00bb4.16&#8243; _module_preset=\u00bbdefault\u00bb global_colors_info=\u00bb{}\u00bb][et_pb_video src=\u00bbhttps:\/\/www.youtube.com\/watch?v=dn3a-o1AusU\u00bb _builder_version=\u00bb4.16&#8243; _module_preset=\u00bbdefault\u00bb global_colors_info=\u00bb{}\u00bb][\/et_pb_video][\/et_pb_column][\/et_pb_row][\/et_pb_section][et_pb_section fb_built=\u00bb1&#8243; _builder_version=\u00bb4.16&#8243; _module_preset=\u00bbdefault\u00bb background_color=\u00bb#FFFFFF\u00bb custom_padding=\u00bb150px||200px||false|false\u00bb top_divider_style=\u00bbslant2&#8243; top_divider_color=\u00bb#f9eb1e\u00bb bottom_divider_color=\u00bb#DE3A34&#8243; locked=\u00bboff\u00bb global_colors_info=\u00bb{}\u00bb][et_pb_row column_structure=\u00bb1_3,1_3,1_3&#8243; _builder_version=\u00bb4.16&#8243; _module_preset=\u00bbdefault\u00bb custom_margin=\u00bb||||false|false\u00bb global_colors_info=\u00bb{}\u00bb][et_pb_column type=\u00bb1_3&#8243; _builder_version=\u00bb4.16&#8243; _module_preset=\u00bbdefault\u00bb global_colors_info=\u00bb{}\u00bb][et_pb_blurb title=\u00bbde 3 a 25<br \/>jugadores\/as\u00bb use_icon=\u00bbon\u00bb font_icon=\u00bb&#xf0c0;||fa||900&#8243; admin_label=\u00bbJugadors\u00bb module_class=\u00bbblurb-home\u00bb _builder_version=\u00bb4.16&#8243; _module_preset=\u00bbdefault\u00bb custom_margin=\u00bb20px|20px|20px|20px|false|false\u00bb border_color_all=\u00bb#222222&#8243; locked=\u00bboff\u00bb global_colors_info=\u00bb{}\u00bb][\/et_pb_blurb][\/et_pb_column][et_pb_column type=\u00bb1_3&#8243; _builder_version=\u00bb4.16&#8243; _module_preset=\u00bbdefault\u00bb global_colors_info=\u00bb{}\u00bb][et_pb_blurb title=\u00bbDuraci\u00f3n<br \/>\n60 minutos\u00bb use_icon=\u00bbon\u00bb font_icon=\u00bb&#xf2f2;||fa||900&#8243; admin_label=\u00bbTemps\u00bb module_class=\u00bbblurb-home\u00bb _builder_version=\u00bb4.16&#8243; _module_preset=\u00bbdefault\u00bb custom_margin=\u00bb20px|20px|20px|20px|false|false\u00bb border_color_all=\u00bb#222222&#8243; global_colors_info=\u00bb{}\u00bb][\/et_pb_blurb][\/et_pb_column][et_pb_column type=\u00bb1_3&#8243; _builder_version=\u00bb4.16&#8243; _module_preset=\u00bbdefault\u00bb global_colors_info=\u00bb{}\u00bb][et_pb_blurb title=\u00bbDe 9 a 12 a\u00f1os\u00bb use_icon=\u00bbon\u00bb font_icon=\u00bb&#xf1fd;||fa||900&#8243; admin_label=\u00bbEdat\u00bb module_class=\u00bbblurb-home\u00bb _builder_version=\u00bb4.16&#8243; _module_preset=\u00bbdefault\u00bb custom_margin=\u00bb20px|20px|20px|20px|false|false\u00bb border_color_all=\u00bb#222222&#8243; global_colors_info=\u00bb{}\u00bb][\/et_pb_blurb][\/et_pb_column][\/et_pb_row][et_pb_row column_structure=\u00bb1_3,1_3,1_3&#8243; _builder_version=\u00bb4.16&#8243; _module_preset=\u00bbdefault\u00bb custom_margin=\u00bb||50px||false|false\u00bb global_colors_info=\u00bb{}\u00bb][et_pb_column type=\u00bb1_3&#8243; _builder_version=\u00bb4.16&#8243; _module_preset=\u00bbdefault\u00bb global_colors_info=\u00bb{}\u00bb][et_pb_blurb title=\u00bbPara familias, escuelas y ni\u00f1os\/as de 9 a 12 a\u00f1os\u00bb use_icon=\u00bbon\u00bb font_icon=\u00bb&#xf1ae;||fa||900&#8243; admin_label=\u00bbPer a fam\u00edlies, escoles i infants de 9 a 12 anys\u00bb module_class=\u00bbblurb-home\u00bb _builder_version=\u00bb4.16&#8243; _module_preset=\u00bbdefault\u00bb custom_margin=\u00bb20px|20px|20px|20px|false|false\u00bb border_color_all=\u00bb#222222&#8243; global_colors_info=\u00bb{}\u00bb][\/et_pb_blurb][\/et_pb_column][et_pb_column type=\u00bb1_3&#8243; _builder_version=\u00bb4.16&#8243; _module_preset=\u00bbdefault\u00bb global_colors_info=\u00bb{}\u00bb][et_pb_blurb title=\u00bbHasta 4 equipos a la vez\u00bb use_icon=\u00bbon\u00bb font_icon=\u00bb&#xf78c;||fa||900&#8243; admin_label=\u00bbFins a 4 equips a la vegada\u00bb module_class=\u00bbblurb-home\u00bb _builder_version=\u00bb4.16&#8243; _module_preset=\u00bbdefault\u00bb custom_margin=\u00bb20px|20px|20px|20px|false|false\u00bb border_color_all=\u00bb#222222&#8243; global_colors_info=\u00bb{}\u00bb][\/et_pb_blurb][\/et_pb_column][et_pb_column type=\u00bb1_3&#8243; _builder_version=\u00bb4.16&#8243; _module_preset=\u00bbdefault\u00bb global_colors_info=\u00bb{}\u00bb][et_pb_blurb title=\u00bbCatal\u00e0, English,<br \/>\ncastellano\u00bb use_icon=\u00bbon\u00bb font_icon=\u00bb&#xf086;||fa||900&#8243; admin_label=\u00bbIdiomes \u00bb module_class=\u00bbblurb-home\u00bb _builder_version=\u00bb4.16&#8243; _module_preset=\u00bbdefault\u00bb custom_margin=\u00bb20px|20px|20px|20px|false|false\u00bb border_color_all=\u00bb#222222&#8243; global_colors_info=\u00bb{}\u00bb][\/et_pb_blurb][\/et_pb_column][\/et_pb_row][\/et_pb_section][et_pb_section fb_built=\u00bb1&#8243; admin_label=\u00bbSection Prefooter\u00bb _builder_version=\u00bb4.16&#8243; _module_preset=\u00bbdefault\u00bb background_color=\u00bb#222222&#8243; custom_padding=\u00bb50px||||false|false\u00bb top_divider_style=\u00bbslant2&#8243; top_divider_color=\u00bb#FFFFFF\u00bb top_divider_flip=\u00bbhorizontal\u00bb bottom_divider_color=\u00bb#2b3955&#8243; saved_tabs=\u00bball\u00bb global_colors_info=\u00bb{}\u00bb][et_pb_row _builder_version=\u00bb4.16&#8243; _module_preset=\u00bbdefault\u00bb global_colors_info=\u00bb{}\u00bb][et_pb_column type=\u00bb4_4&#8243; _builder_version=\u00bb4.16&#8243; _module_preset=\u00bbdefault\u00bb global_colors_info=\u00bb{}\u00bb][et_pb_image src=\u00bbhttps:\/\/escapefood.com\/wp-content\/uploads\/2021\/12\/logo-escape-food-2050-blanc.png\u00bb title_text=\u00bblogo-escape-food-2050-blanco\u00bb align=\u00bbcenter\u00bb _builder_version=\u00bb4.16&#8243; _module_preset=\u00bbdefault\u00bb global_colors_info=\u00bb{}\u00bb][\/et_pb_image][\/et_pb_column][\/et_pb_row][\/et_pb_section]<\/p>\n","protected":false},"excerpt":{"rendered":"<p>\u00a1Ya est\u00e1 aqu\u00ed el Escape Food Junior! \u00a1En este escape room infantil muchas misiones para salvar el planeta os esperan! Los participantes entrar\u00e9is en una nave especial y adquirir\u00e9is los poderes suficientes para salvar la tierra. \u00a1Trabaja en equipo, busca pistas, soluciona enigmas y aprende c\u00f3mo hacer un mundo mejor! \u00a1Un escape room infantil \u00fanico! [&hellip;]<\/p>\n","protected":false},"author":9,"featured_media":912,"parent":0,"menu_order":0,"comment_status":"closed","ping_status":"closed","template":"","meta":{"_et_pb_use_builder":"on","_et_pb_old_content":"","_et_gb_content_width":"","footnotes":""},"class_list":["post-1175","page","type-page","status-publish","has-post-thumbnail","hentry"],"yoast_head":"<!-- This site is optimized with the Yoast SEO plugin v27.4 - https:\/\/yoast.com\/product\/yoast-seo-wordpress\/ -->\n<title>Escape Food 2050<\/title>\n<meta name=\"description\" content=\"\u00a1Las misiones para salvar el planeta te esperan! \u00a1Trabaja en equipo, busca, soluciona y aprende c\u00f3mo hacer un mundo mejor! Divi\u00e9rtete en este Escape Room \u00fanico en Barcelona.\" \/>\n<meta name=\"robots\" content=\"index, follow, max-snippet:-1, max-image-preview:large, max-video-preview:-1\" \/>\n<link rel=\"canonical\" href=\"https:\/\/escapefood.com\/es\/escape-food-junior\/\" \/>\n<meta property=\"og:locale\" content=\"es_ES\" \/>\n<meta property=\"og:type\" content=\"article\" \/>\n<meta property=\"og:title\" content=\"Escape Food 2050\" \/>\n<meta property=\"og:description\" content=\"\u00a1Las misiones para salvar el planeta te esperan! \u00a1Trabaja en equipo, busca, soluciona y aprende c\u00f3mo hacer un mundo mejor! Divi\u00e9rtete en este Escape Room \u00fanico en Barcelona.\" \/>\n<meta property=\"og:url\" content=\"https:\/\/escapefood.com\/es\/escape-food-junior\/\" \/>\n<meta property=\"og:site_name\" content=\"Escape Food 2050\" \/>\n<meta property=\"article:modified_time\" content=\"2024-07-24T10:20:29+00:00\" \/>\n<meta property=\"og:image\" content=\"https:\/\/escapefood.com\/wp-content\/uploads\/2022\/05\/EscapeFoodJunior-1-e1651656369614.png\" \/>\n\t<meta property=\"og:image:width\" content=\"1600\" \/>\n\t<meta property=\"og:image:height\" content=\"1000\" \/>\n\t<meta property=\"og:image:type\" content=\"image\/png\" \/>\n<meta name=\"twitter:card\" content=\"summary_large_image\" \/>\n<meta name=\"twitter:label1\" content=\"Tiempo de lectura\" \/>\n\t<meta name=\"twitter:data1\" content=\"6 minutos\" \/>\n<script type=\"application\/ld+json\" class=\"yoast-schema-graph\">{\"@context\":\"https:\\\/\\\/schema.org\",\"@graph\":[{\"@type\":\"WebPage\",\"@id\":\"https:\\\/\\\/escapefood.com\\\/es\\\/escape-food-junior\\\/\",\"url\":\"https:\\\/\\\/escapefood.com\\\/es\\\/escape-food-junior\\\/\",\"name\":\"Escape Food 2050\",\"isPartOf\":{\"@id\":\"https:\\\/\\\/escapefood.com\\\/#website\"},\"primaryImageOfPage\":{\"@id\":\"https:\\\/\\\/escapefood.com\\\/es\\\/escape-food-junior\\\/#primaryimage\"},\"image\":{\"@id\":\"https:\\\/\\\/escapefood.com\\\/es\\\/escape-food-junior\\\/#primaryimage\"},\"thumbnailUrl\":\"https:\\\/\\\/escapefood.com\\\/wp-content\\\/uploads\\\/2022\\\/05\\\/EscapeFoodJunior-1-e1651656369614.png\",\"datePublished\":\"2022-05-04T08:58:47+00:00\",\"dateModified\":\"2024-07-24T10:20:29+00:00\",\"description\":\"\u00a1Las misiones para salvar el planeta te esperan! \u00a1Trabaja en equipo, busca, soluciona y aprende c\u00f3mo hacer un mundo mejor! Divi\u00e9rtete en este Escape Room \u00fanico en Barcelona.\",\"breadcrumb\":{\"@id\":\"https:\\\/\\\/escapefood.com\\\/es\\\/escape-food-junior\\\/#breadcrumb\"},\"inLanguage\":\"es\",\"potentialAction\":[{\"@type\":\"ReadAction\",\"target\":[\"https:\\\/\\\/escapefood.com\\\/es\\\/escape-food-junior\\\/\"]}]},{\"@type\":\"ImageObject\",\"inLanguage\":\"es\",\"@id\":\"https:\\\/\\\/escapefood.com\\\/es\\\/escape-food-junior\\\/#primaryimage\",\"url\":\"https:\\\/\\\/escapefood.com\\\/wp-content\\\/uploads\\\/2022\\\/05\\\/EscapeFoodJunior-1-e1651656369614.png\",\"contentUrl\":\"https:\\\/\\\/escapefood.com\\\/wp-content\\\/uploads\\\/2022\\\/05\\\/EscapeFoodJunior-1-e1651656369614.png\",\"width\":1600,\"height\":1000},{\"@type\":\"BreadcrumbList\",\"@id\":\"https:\\\/\\\/escapefood.com\\\/es\\\/escape-food-junior\\\/#breadcrumb\",\"itemListElement\":[{\"@type\":\"ListItem\",\"position\":1,\"name\":\"Inici\",\"item\":\"https:\\\/\\\/escapefood.com\\\/\"},{\"@type\":\"ListItem\",\"position\":2,\"name\":\"Escape Food Junior\"}]},{\"@type\":\"WebSite\",\"@id\":\"https:\\\/\\\/escapefood.com\\\/#website\",\"url\":\"https:\\\/\\\/escapefood.com\\\/\",\"name\":\"Escape Food 2050\",\"description\":\"ATRAPAT PER LA TEVA COMPRA - JUGA, ACTUA, IMPACTA!\",\"potentialAction\":[{\"@type\":\"SearchAction\",\"target\":{\"@type\":\"EntryPoint\",\"urlTemplate\":\"https:\\\/\\\/escapefood.com\\\/?s={search_term_string}\"},\"query-input\":{\"@type\":\"PropertyValueSpecification\",\"valueRequired\":true,\"valueName\":\"search_term_string\"}}],\"inLanguage\":\"es\"}]}<\/script>\n<!-- \/ Yoast SEO plugin. -->","yoast_head_json":{"title":"Escape Food 2050","description":"\u00a1Las misiones para salvar el planeta te esperan! \u00a1Trabaja en equipo, busca, soluciona y aprende c\u00f3mo hacer un mundo mejor! Divi\u00e9rtete en este Escape Room \u00fanico en Barcelona.","robots":{"index":"index","follow":"follow","max-snippet":"max-snippet:-1","max-image-preview":"max-image-preview:large","max-video-preview":"max-video-preview:-1"},"canonical":"https:\/\/escapefood.com\/es\/escape-food-junior\/","og_locale":"es_ES","og_type":"article","og_title":"Escape Food 2050","og_description":"\u00a1Las misiones para salvar el planeta te esperan! \u00a1Trabaja en equipo, busca, soluciona y aprende c\u00f3mo hacer un mundo mejor! Divi\u00e9rtete en este Escape Room \u00fanico en Barcelona.","og_url":"https:\/\/escapefood.com\/es\/escape-food-junior\/","og_site_name":"Escape Food 2050","article_modified_time":"2024-07-24T10:20:29+00:00","og_image":[{"width":1600,"height":1000,"url":"https:\/\/escapefood.com\/wp-content\/uploads\/2022\/05\/EscapeFoodJunior-1-e1651656369614.png","type":"image\/png"}],"twitter_card":"summary_large_image","twitter_misc":{"Tiempo de lectura":"6 minutos"},"schema":{"@context":"https:\/\/schema.org","@graph":[{"@type":"WebPage","@id":"https:\/\/escapefood.com\/es\/escape-food-junior\/","url":"https:\/\/escapefood.com\/es\/escape-food-junior\/","name":"Escape Food 2050","isPartOf":{"@id":"https:\/\/escapefood.com\/#website"},"primaryImageOfPage":{"@id":"https:\/\/escapefood.com\/es\/escape-food-junior\/#primaryimage"},"image":{"@id":"https:\/\/escapefood.com\/es\/escape-food-junior\/#primaryimage"},"thumbnailUrl":"https:\/\/escapefood.com\/wp-content\/uploads\/2022\/05\/EscapeFoodJunior-1-e1651656369614.png","datePublished":"2022-05-04T08:58:47+00:00","dateModified":"2024-07-24T10:20:29+00:00","description":"\u00a1Las misiones para salvar el planeta te esperan! \u00a1Trabaja en equipo, busca, soluciona y aprende c\u00f3mo hacer un mundo mejor! Divi\u00e9rtete en este Escape Room \u00fanico en Barcelona.","breadcrumb":{"@id":"https:\/\/escapefood.com\/es\/escape-food-junior\/#breadcrumb"},"inLanguage":"es","potentialAction":[{"@type":"ReadAction","target":["https:\/\/escapefood.com\/es\/escape-food-junior\/"]}]},{"@type":"ImageObject","inLanguage":"es","@id":"https:\/\/escapefood.com\/es\/escape-food-junior\/#primaryimage","url":"https:\/\/escapefood.com\/wp-content\/uploads\/2022\/05\/EscapeFoodJunior-1-e1651656369614.png","contentUrl":"https:\/\/escapefood.com\/wp-content\/uploads\/2022\/05\/EscapeFoodJunior-1-e1651656369614.png","width":1600,"height":1000},{"@type":"BreadcrumbList","@id":"https:\/\/escapefood.com\/es\/escape-food-junior\/#breadcrumb","itemListElement":[{"@type":"ListItem","position":1,"name":"Inici","item":"https:\/\/escapefood.com\/"},{"@type":"ListItem","position":2,"name":"Escape Food Junior"}]},{"@type":"WebSite","@id":"https:\/\/escapefood.com\/#website","url":"https:\/\/escapefood.com\/","name":"Escape Food 2050","description":"ATRAPAT PER LA TEVA COMPRA - JUGA, ACTUA, IMPACTA!","potentialAction":[{"@type":"SearchAction","target":{"@type":"EntryPoint","urlTemplate":"https:\/\/escapefood.com\/?s={search_term_string}"},"query-input":{"@type":"PropertyValueSpecification","valueRequired":true,"valueName":"search_term_string"}}],"inLanguage":"es"}]}},"_links":{"self":[{"href":"https:\/\/escapefood.com\/es\/wp-json\/wp\/v2\/pages\/1175","targetHints":{"allow":["GET"]}}],"collection":[{"href":"https:\/\/escapefood.com\/es\/wp-json\/wp\/v2\/pages"}],"about":[{"href":"https:\/\/escapefood.com\/es\/wp-json\/wp\/v2\/types\/page"}],"author":[{"embeddable":true,"href":"https:\/\/escapefood.com\/es\/wp-json\/wp\/v2\/users\/9"}],"replies":[{"embeddable":true,"href":"https:\/\/escapefood.com\/es\/wp-json\/wp\/v2\/comments?post=1175"}],"version-history":[{"count":9,"href":"https:\/\/escapefood.com\/es\/wp-json\/wp\/v2\/pages\/1175\/revisions"}],"predecessor-version":[{"id":1396,"href":"https:\/\/escapefood.com\/es\/wp-json\/wp\/v2\/pages\/1175\/revisions\/1396"}],"wp:featuredmedia":[{"embeddable":true,"href":"https:\/\/escapefood.com\/es\/wp-json\/wp\/v2\/media\/912"}],"wp:attachment":[{"href":"https:\/\/escapefood.com\/es\/wp-json\/wp\/v2\/media?parent=1175"}],"curies":[{"name":"wp","href":"https:\/\/api.w.org\/{rel}","templated":true}]}}