{"id":1184,"date":"2021-12-09T14:09:38","date_gmt":"2021-12-09T13:09:38","guid":{"rendered":"https:\/\/escapefood.com\/reservar\/"},"modified":"2024-07-24T12:13:10","modified_gmt":"2024-07-24T10:13:10","slug":"reservar","status":"publish","type":"page","link":"https:\/\/escapefood.com\/es\/reservar\/","title":{"rendered":"Reservar"},"content":{"rendered":"<p>[et_pb_section fb_built=\u00bb1&#8243; _builder_version=\u00bb4.16&#8243; _module_preset=\u00bbdefault\u00bb background_color=\u00bb#222222&#8243; background_image=\u00bbhttps:\/\/escapefood.com\/wp-content\/uploads\/2022\/02\/Diseno-sin-titulo-2.png\u00bb custom_padding=\u00bb100px||200px||false|false\u00bb bottom_divider_style=\u00bbarrow3&#8243; bottom_divider_color=\u00bb#F9EB1E\u00bb locked=\u00bboff\u00bb global_colors_info=\u00bb{}\u00bb][et_pb_row _builder_version=\u00bb4.16&#8243; _module_preset=\u00bbdefault\u00bb global_colors_info=\u00bb{}\u00bb][et_pb_column type=\u00bb4_4&#8243; _builder_version=\u00bb4.16&#8243; _module_preset=\u00bbdefault\u00bb global_colors_info=\u00bb{}\u00bb][et_pb_text _builder_version=\u00bb4.16&#8243; _module_preset=\u00bbdefault\u00bb header_text_align=\u00bbcenter\u00bb global_colors_info=\u00bb{}\u00bb]<\/p>\n<h1><strong>RESERVA \u00abESCAPE FOOD 2050\u00bb<\/strong><\/h1>\n<p style=\"text-align: center;\">\u00a1Ya puedes reservar tu partida haci\u00e9ndonos llegar <span style=\"text-decoration: underline;\"><span style=\"color: #f9eb1e;\"><a href=\"mailto:escapefood2050@menjaactuaimpacta.org\" style=\"color: #f9eb1e; text-decoration: underline;\">un correo electr\u00f3nico<\/a><\/span><\/span>!<\/p>\n<p style=\"text-align: center;\">\n<p>[\/et_pb_text][\/et_pb_column][\/et_pb_row][et_pb_row _builder_version=\u00bb4.16&#8243; _module_preset=\u00bbdefault\u00bb global_colors_info=\u00bb{}\u00bb][et_pb_column type=\u00bb4_4&#8243; _builder_version=\u00bb4.16&#8243; _module_preset=\u00bbdefault\u00bb global_colors_info=\u00bb{}\u00bb][et_pb_text _builder_version=\u00bb4.24.3&#8243; _module_preset=\u00bbdefault\u00bb custom_padding=\u00bb0px|||||\u00bb global_colors_info=\u00bb{}\u00bb hover_enabled=\u00bb0&#8243; sticky_enabled=\u00bb0&#8243;]<\/p>\n<p style=\"text-align: center;\">\u00bfTiene necesidades muy concretas? Contacta con nosotros y haremos todo lo posible para ofrecerte una buena partida! <\/p>\n<p>[\/et_pb_text][\/et_pb_column][\/et_pb_row][et_pb_row admin_label=\u00bbRow\u00bb _builder_version=\u00bb4.16&#8243; _module_preset=\u00bbdefault\u00bb collapsed=\u00bboff\u00bb global_colors_info=\u00bb{}\u00bb][et_pb_column type=\u00bb4_4&#8243; _builder_version=\u00bb4.16&#8243; _module_preset=\u00bbdefault\u00bb global_colors_info=\u00bb{}\u00bb][et_pb_text disabled_on=\u00bbon|on|on\u00bb _builder_version=\u00bb4.16&#8243; _module_preset=\u00bbdefault\u00bb disabled=\u00bbon\u00bb global_colors_info=\u00bb{}\u00bb]<\/p>\n<h2><strong>\u00bfC\u00f3mo puedo reservar mi partida?<\/strong><\/h2>\n<h3>1. Pulsa <a href=\"https:\/\/venda.menjaactuaimpacta.org\/expo\/venda\/index.jsp?lang=1&amp;nom_cache=EXPO&amp;property=EXPO\">\u00abReserva\u00bb<\/a><\/h3>\n<h3>2. Escoge \u00abEscape Food 2050\u00bb en la web de la exposici\u00f3n*<\/h3>\n<h3>3. Selecciona cu\u00e1ntas personas vendr\u00e1<\/h3>\n<h3>4. Elige el d\u00eda y la hora que desea venir<\/h3>\n<h3>5. Introduce tus datos personales y de pago<\/h3>\n<p>*Es importante que selecciones primero la actividad. Si no, te aparecer\u00e1n como disponibles algunos d\u00edas en los que el Escape Food est\u00e1 cerrado. <\/p>\n<p>[\/et_pb_text][\/et_pb_column][\/et_pb_row][et_pb_row column_structure=\u00bb1_3,1_3,1_3&#8243; _builder_version=\u00bb4.16&#8243; _module_preset=\u00bbdefault\u00bb custom_margin=\u00bb30px||||false|false\u00bb locked=\u00bboff\u00bb global_colors_info=\u00bb{}\u00bb][et_pb_column type=\u00bb1_3&#8243; _builder_version=\u00bb4.16&#8243; _module_preset=\u00bbdefault\u00bb global_colors_info=\u00bb{}\u00bb][\/et_pb_column][et_pb_column type=\u00bb1_3&#8243; _builder_version=\u00bb4.16&#8243; _module_preset=\u00bbdefault\u00bb global_colors_info=\u00bb{}\u00bb][et_pb_button button_url=\u00bbmailto:escapefood2050@menjaactuaimpacta.org\u00bb url_new_window=\u00bbon\u00bb button_text=\u00bbContacta con nosotros\u00bb button_alignment=\u00bbcenter\u00bb admin_label=\u00bbButton Reserva\u00bb module_id=\u00bbboton-reserva\u00bb _builder_version=\u00bb4.24.3&#8243; _module_preset=\u00bbdefault\u00bb custom_margin=\u00bb10px|10px|10px|10px|false|false\u00bb global_colors_info=\u00bb{}\u00bb][\/et_pb_button][\/et_pb_column][et_pb_column type=\u00bb1_3&#8243; _builder_version=\u00bb4.16&#8243; _module_preset=\u00bbdefault\u00bb global_colors_info=\u00bb{}\u00bb][\/et_pb_column][\/et_pb_row][\/et_pb_section][et_pb_section fb_built=\u00bb1&#8243; _builder_version=\u00bb4.16&#8243; _module_preset=\u00bbdefault\u00bb background_color=\u00bb#F9EB1E\u00bb custom_padding=\u00bb100px||37px||false|false\u00bb bottom_divider_color=\u00bb#FFFFFF\u00bb bottom_divider_flip=\u00bbhorizontal\u00bb locked=\u00bboff\u00bb global_colors_info=\u00bb{}\u00bb][et_pb_row _builder_version=\u00bb4.16&#8243; _module_preset=\u00bbdefault\u00bb global_colors_info=\u00bb{}\u00bb][et_pb_column type=\u00bb4_4&#8243; _builder_version=\u00bb4.16&#8243; _module_preset=\u00bbdefault\u00bb global_colors_info=\u00bb{}\u00bb][et_pb_text _builder_version=\u00bb4.24.3&#8243; _module_preset=\u00bbdefault\u00bb global_colors_info=\u00bb{}\u00bb]<\/p>\n<h1 style=\"text-align: center;\"><span style=\"color: #000000;\"><strong>PRECIO<\/strong><\/span><\/h1>\n<p>[\/et_pb_text][\/et_pb_column][\/et_pb_row][et_pb_row column_structure=\u00bb1_3,1_3,1_3&#8243; _builder_version=\u00bb4.16&#8243; _module_preset=\u00bbdefault\u00bb custom_margin=\u00bb25px||25px||false|false\u00bb global_colors_info=\u00bb{}\u00bb][et_pb_column type=\u00bb1_3&#8243; _builder_version=\u00bb4.16&#8243; _module_preset=\u00bbdefault\u00bb border_color_all=\u00bb#DE3A34&#8243; global_colors_info=\u00bb{}\u00bb][et_pb_blurb title=\u00bb2 jugadores\/as \u00bb url=\u00bbhttps:\/\/venda.menjaactuaimpacta.org\/expo\/venda\/index.jsp?lang=1nom_cache=EXPOproperty=EXPOcodiActiv=34codiActiv=34codiActiv=34codiActiv=34&#8243; url_new_window=\u00bbon\u00bb module_class=\u00bbblurb-reservas\u00bb _builder_version=\u00bb4.16&#8243; _module_preset=\u00bbdefault\u00bb global_colors_info=\u00bb{}\u00bb]<\/p>\n<p><a href=\"https:\/\/venda.menjaactuaimpacta.org\/expo\/venda\/index.jsp?lang=1&amp;nom_cache=EXPO&amp;property=EXPO&amp;codiActiv=34&amp;codiActiv=34\"><a href=\"https:\/\/venda.menjaactuaimpacta.org\/expo\/venda\/index.jsp?lang=1&amp;nom_cache=EXPO&amp;property=EXPO&amp;codiActiv=34&amp;codiActiv=34\">55 \u20ac<\/a><\/a><\/p>\n<p>[\/et_pb_blurb][\/et_pb_column][et_pb_column type=\u00bb1_3&#8243; _builder_version=\u00bb4.16&#8243; _module_preset=\u00bbdefault\u00bb global_colors_info=\u00bb{}\u00bb][et_pb_blurb title=\u00bb3-4 jugadores\/as \u00bb url=\u00bbhttps:\/\/venda.menjaactuaimpacta.org\/expo\/venda\/index.jsp?lang=1nom_cache=EXPOproperty=EXPOcodiActiv=34codiActiv=34codiActiv=34codiActiv=34&#8243; url_new_window=\u00bbon\u00bb module_class=\u00bbblurb-reservas\u00bb _builder_version=\u00bb4.16&#8243; _module_preset=\u00bbdefault\u00bb global_colors_info=\u00bb{}\u00bb]<\/p>\n<p><a href=\"https:\/\/venda.menjaactuaimpacta.org\/expo\/venda\/index.jsp?lang=1&amp;nom_cache=EXPO&amp;property=EXPO&amp;codiActiv=34&amp;codiActiv=34\"><a href=\"https:\/\/venda.menjaactuaimpacta.org\/expo\/venda\/index.jsp?lang=1&amp;nom_cache=EXPO&amp;property=EXPO&amp;codiActiv=34&amp;codiActiv=34\">65 \u20ac<\/a><\/a><\/p>\n<p>[\/et_pb_blurb][\/et_pb_column][et_pb_column type=\u00bb1_3&#8243; _builder_version=\u00bb4.16&#8243; _module_preset=\u00bbdefault\u00bb global_colors_info=\u00bb{}\u00bb][et_pb_blurb title=\u00bb5-6 jugadores\/as \u00bb url=\u00bbhttps:\/\/venda.menjaactuaimpacta.org\/expo\/venda\/index.jsp?lang=1nom_cache=EXPOproperty=EXPOcodiActiv=34codiActiv=34codiActiv=34codiActiv=34&#8243; url_new_window=\u00bbon\u00bb module_class=\u00bbblurb-reservas\u00bb _builder_version=\u00bb4.16&#8243; _module_preset=\u00bbdefault\u00bb background_color=\u00bb#F9EB1E\u00bb global_colors_info=\u00bb{}\u00bb]<\/p>\n<p><a href=\"https:\/\/venda.menjaactuaimpacta.org\/expo\/venda\/index.jsp?lang=1&amp;nom_cache=EXPO&amp;property=EXPO&amp;codiActiv=34&amp;codiActiv=34\"><a href=\"https:\/\/venda.menjaactuaimpacta.org\/expo\/venda\/index.jsp?lang=1&amp;nom_cache=EXPO&amp;property=EXPO&amp;codiActiv=34&amp;codiActiv=34\">80 \u20ac<\/a><\/a><\/p>\n<p>[\/et_pb_blurb][\/et_pb_column][\/et_pb_row][et_pb_row column_structure=\u00bb1_3,1_3,1_3&#8243; _builder_version=\u00bb4.24.3&#8243; _module_preset=\u00bbdefault\u00bb custom_margin=\u00bb30px||||false|false\u00bb locked=\u00bboff\u00bb global_colors_info=\u00bb{}\u00bb][et_pb_column type=\u00bb1_3&#8243; _builder_version=\u00bb4.16&#8243; _module_preset=\u00bbdefault\u00bb global_colors_info=\u00bb{}\u00bb][\/et_pb_column][et_pb_column type=\u00bb1_3&#8243; _builder_version=\u00bb4.16&#8243; _module_preset=\u00bbdefault\u00bb global_colors_info=\u00bb{}\u00bb][et_pb_cta title=\u00bbContacte con nosotros!\u00bb button_text=\u00bbContacte con nosotros!\u00bb _builder_version=\u00bb4.24.3&#8243; _module_preset=\u00bbdefault\u00bb header_text_color=\u00bb#000000&#8243; custom_padding=\u00bb|0px||0px||\u00bb global_colors_info=\u00bb{}\u00bb]<\/p>\n<p><span style=\"color: #000000;\">Si desea jugar una partida que no olvidar\u00e1 nunca, \u00a1contacta con nosotros! <\/span><\/p>\n<p><span style=\"color: #000000;\"><a href=\"mailto:escapefood2050@menjaactuaimpacta.org\" style=\"color: #000000;\"><a href=\"mailto:escapefood2050@menjaactuaimpacta.org\">escapefood2050@menjaactuaimpacta.org<\/a><\/a><\/span><\/p>\n<p>[\/et_pb_cta][\/et_pb_column][et_pb_column type=\u00bb1_3&#8243; _builder_version=\u00bb4.16&#8243; _module_preset=\u00bbdefault\u00bb global_colors_info=\u00bb{}\u00bb][\/et_pb_column][\/et_pb_row][\/et_pb_section][et_pb_section fb_built=\u00bb1&#8243; admin_label=\u00bbSection Prefooter\u00bb _builder_version=\u00bb4.14.2&#8243; _module_preset=\u00bbdefault\u00bb background_color=\u00bb#222222&#8243; custom_padding=\u00bb50px||||false|false\u00bb top_divider_style=\u00bbslant2&#8243; top_divider_color=\u00bb#FFFFFF\u00bb top_divider_flip=\u00bbhorizontal\u00bb bottom_divider_color=\u00bb#2b3955&#8243; global_module=\u00bb75&#8243; saved_tabs=\u00bball\u00bb global_colors_info=\u00bb{}\u00bb][et_pb_row _builder_version=\u00bb4.16&#8243; _module_preset=\u00bbdefault\u00bb global_colors_info=\u00bb{}\u00bb][et_pb_column type=\u00bb4_4&#8243; _builder_version=\u00bb4.16&#8243; _module_preset=\u00bbdefault\u00bb global_colors_info=\u00bb{}\u00bb][et_pb_image src=\u00bbhttps:\/\/escapefood.com\/wp-content\/uploads\/2021\/12\/logo-escape-food-2050-blanc.png\u00bb title_text=\u00bblogo-escape-food-2050-blanco\u00bb align=\u00bbcenter\u00bb _builder_version=\u00bb4.16&#8243; _module_preset=\u00bbdefault\u00bb global_colors_info=\u00bb{}\u00bb][\/et_pb_image][\/et_pb_column][\/et_pb_row][\/et_pb_section]<\/p>\n","protected":false},"excerpt":{"rendered":"<p>RESERVA \u00abESCAPE FOOD 2050\u00bb \u00a1Ya puedes reservar tu partida haci\u00e9ndonos llegar un correo electr\u00f3nico! \u00bfTiene necesidades muy concretas? Contacta con nosotros y haremos todo lo posible para ofrecerte una buena partida! \u00bfC\u00f3mo puedo reservar mi partida? 1. Pulsa \u00abReserva\u00bb 2. Escoge \u00abEscape Food 2050\u00bb en la web de la exposici\u00f3n* 3. Selecciona cu\u00e1ntas personas vendr\u00e1 [&hellip;]<\/p>\n","protected":false},"author":1,"featured_media":0,"parent":0,"menu_order":0,"comment_status":"closed","ping_status":"closed","template":"","meta":{"_et_pb_use_builder":"on","_et_pb_old_content":"","_et_gb_content_width":"","footnotes":""},"class_list":["post-1184","page","type-page","status-publish","hentry"],"yoast_head":"<!-- This site is optimized with the Yoast SEO plugin v27.5 - https:\/\/yoast.com\/product\/yoast-seo-wordpress\/ -->\n<title>Reservar - Escape Food 2050<\/title>\n<meta name=\"robots\" content=\"index, follow, max-snippet:-1, max-image-preview:large, max-video-preview:-1\" \/>\n<link rel=\"canonical\" href=\"https:\/\/escapefood.com\/es\/reservar\/\" \/>\n<meta property=\"og:locale\" content=\"es_ES\" \/>\n<meta property=\"og:type\" content=\"article\" \/>\n<meta property=\"og:title\" content=\"Reservar - Escape Food 2050\" \/>\n<meta property=\"og:description\" content=\"RESERVA &quot;ESCAPE FOOD 2050&quot; \u00a1Ya puedes reservar tu partida haci\u00e9ndonos llegar un correo electr\u00f3nico! \u00bfTiene necesidades muy concretas? Contacta con nosotros y haremos todo lo posible para ofrecerte una buena partida! \u00bfC\u00f3mo puedo reservar mi partida? 1. Pulsa &quot;Reserva&quot; 2. Escoge &quot;Escape Food 2050&quot; en la web de la exposici\u00f3n* 3. Selecciona cu\u00e1ntas personas vendr\u00e1 [&hellip;]\" \/>\n<meta property=\"og:url\" content=\"https:\/\/escapefood.com\/es\/reservar\/\" \/>\n<meta property=\"og:site_name\" content=\"Escape Food 2050\" \/>\n<meta property=\"article:modified_time\" content=\"2024-07-24T10:13:10+00:00\" \/>\n<meta name=\"twitter:card\" content=\"summary_large_image\" \/>\n<meta name=\"twitter:label1\" content=\"Tiempo de lectura\" \/>\n\t<meta name=\"twitter:data1\" content=\"5 minutos\" \/>\n<script type=\"application\/ld+json\" class=\"yoast-schema-graph\">{\"@context\":\"https:\\\/\\\/schema.org\",\"@graph\":[{\"@type\":\"WebPage\",\"@id\":\"https:\\\/\\\/escapefood.com\\\/es\\\/reservar\\\/\",\"url\":\"https:\\\/\\\/escapefood.com\\\/es\\\/reservar\\\/\",\"name\":\"Reservar - Escape Food 2050\",\"isPartOf\":{\"@id\":\"https:\\\/\\\/escapefood.com\\\/#website\"},\"datePublished\":\"2021-12-09T13:09:38+00:00\",\"dateModified\":\"2024-07-24T10:13:10+00:00\",\"breadcrumb\":{\"@id\":\"https:\\\/\\\/escapefood.com\\\/es\\\/reservar\\\/#breadcrumb\"},\"inLanguage\":\"es\",\"potentialAction\":[{\"@type\":\"ReadAction\",\"target\":[\"https:\\\/\\\/escapefood.com\\\/es\\\/reservar\\\/\"]}]},{\"@type\":\"BreadcrumbList\",\"@id\":\"https:\\\/\\\/escapefood.com\\\/es\\\/reservar\\\/#breadcrumb\",\"itemListElement\":[{\"@type\":\"ListItem\",\"position\":1,\"name\":\"Inici\",\"item\":\"https:\\\/\\\/escapefood.com\\\/\"},{\"@type\":\"ListItem\",\"position\":2,\"name\":\"Reservar\"}]},{\"@type\":\"WebSite\",\"@id\":\"https:\\\/\\\/escapefood.com\\\/#website\",\"url\":\"https:\\\/\\\/escapefood.com\\\/\",\"name\":\"Escape Food 2050\",\"description\":\"ATRAPAT PER LA TEVA COMPRA - JUGA, ACTUA, IMPACTA!\",\"potentialAction\":[{\"@type\":\"SearchAction\",\"target\":{\"@type\":\"EntryPoint\",\"urlTemplate\":\"https:\\\/\\\/escapefood.com\\\/?s={search_term_string}\"},\"query-input\":{\"@type\":\"PropertyValueSpecification\",\"valueRequired\":true,\"valueName\":\"search_term_string\"}}],\"inLanguage\":\"es\"}]}<\/script>\n<!-- \/ Yoast SEO plugin. -->","yoast_head_json":{"title":"Reservar - Escape Food 2050","robots":{"index":"index","follow":"follow","max-snippet":"max-snippet:-1","max-image-preview":"max-image-preview:large","max-video-preview":"max-video-preview:-1"},"canonical":"https:\/\/escapefood.com\/es\/reservar\/","og_locale":"es_ES","og_type":"article","og_title":"Reservar - Escape Food 2050","og_description":"RESERVA \"ESCAPE FOOD 2050\" \u00a1Ya puedes reservar tu partida haci\u00e9ndonos llegar un correo electr\u00f3nico! \u00bfTiene necesidades muy concretas? Contacta con nosotros y haremos todo lo posible para ofrecerte una buena partida! \u00bfC\u00f3mo puedo reservar mi partida? 1. Pulsa \"Reserva\" 2. Escoge \"Escape Food 2050\" en la web de la exposici\u00f3n* 3. Selecciona cu\u00e1ntas personas vendr\u00e1 [&hellip;]","og_url":"https:\/\/escapefood.com\/es\/reservar\/","og_site_name":"Escape Food 2050","article_modified_time":"2024-07-24T10:13:10+00:00","twitter_card":"summary_large_image","twitter_misc":{"Tiempo de lectura":"5 minutos"},"schema":{"@context":"https:\/\/schema.org","@graph":[{"@type":"WebPage","@id":"https:\/\/escapefood.com\/es\/reservar\/","url":"https:\/\/escapefood.com\/es\/reservar\/","name":"Reservar - Escape Food 2050","isPartOf":{"@id":"https:\/\/escapefood.com\/#website"},"datePublished":"2021-12-09T13:09:38+00:00","dateModified":"2024-07-24T10:13:10+00:00","breadcrumb":{"@id":"https:\/\/escapefood.com\/es\/reservar\/#breadcrumb"},"inLanguage":"es","potentialAction":[{"@type":"ReadAction","target":["https:\/\/escapefood.com\/es\/reservar\/"]}]},{"@type":"BreadcrumbList","@id":"https:\/\/escapefood.com\/es\/reservar\/#breadcrumb","itemListElement":[{"@type":"ListItem","position":1,"name":"Inici","item":"https:\/\/escapefood.com\/"},{"@type":"ListItem","position":2,"name":"Reservar"}]},{"@type":"WebSite","@id":"https:\/\/escapefood.com\/#website","url":"https:\/\/escapefood.com\/","name":"Escape Food 2050","description":"ATRAPAT PER LA TEVA COMPRA - JUGA, ACTUA, IMPACTA!","potentialAction":[{"@type":"SearchAction","target":{"@type":"EntryPoint","urlTemplate":"https:\/\/escapefood.com\/?s={search_term_string}"},"query-input":{"@type":"PropertyValueSpecification","valueRequired":true,"valueName":"search_term_string"}}],"inLanguage":"es"}]}},"_links":{"self":[{"href":"https:\/\/escapefood.com\/es\/wp-json\/wp\/v2\/pages\/1184","targetHints":{"allow":["GET"]}}],"collection":[{"href":"https:\/\/escapefood.com\/es\/wp-json\/wp\/v2\/pages"}],"about":[{"href":"https:\/\/escapefood.com\/es\/wp-json\/wp\/v2\/types\/page"}],"author":[{"embeddable":true,"href":"https:\/\/escapefood.com\/es\/wp-json\/wp\/v2\/users\/1"}],"replies":[{"embeddable":true,"href":"https:\/\/escapefood.com\/es\/wp-json\/wp\/v2\/comments?post=1184"}],"version-history":[{"count":11,"href":"https:\/\/escapefood.com\/es\/wp-json\/wp\/v2\/pages\/1184\/revisions"}],"predecessor-version":[{"id":1390,"href":"https:\/\/escapefood.com\/es\/wp-json\/wp\/v2\/pages\/1184\/revisions\/1390"}],"wp:attachment":[{"href":"https:\/\/escapefood.com\/es\/wp-json\/wp\/v2\/media?parent=1184"}],"curies":[{"name":"wp","href":"https:\/\/api.w.org\/{rel}","templated":true}]}}