{"id":1191,"date":"2021-12-09T14:11:39","date_gmt":"2021-12-09T13:11:39","guid":{"rendered":"https:\/\/escapefood.com\/faqs\/"},"modified":"2023-07-19T09:36:30","modified_gmt":"2023-07-19T07:36:30","slug":"faqs","status":"publish","type":"page","link":"https:\/\/escapefood.com\/es\/faqs\/","title":{"rendered":"FAQs"},"content":{"rendered":"<p>[et_pb_section fb_built=\u00bb1&#8243; _builder_version=\u00bb4.14.2&#8243; _module_preset=\u00bbdefault\u00bb background_color=\u00bb#222222&#8243; custom_padding=\u00bb100px||200px||false|false\u00bb bottom_divider_style=\u00bbarrow3&#8243; bottom_divider_color=\u00bb#F9EB1E\u00bb locked=\u00bboff\u00bb global_colors_info=\u00bb{}\u00bb][et_pb_row _builder_version=\u00bb4.14.2&#8243; _module_preset=\u00bbdefault\u00bb global_colors_info=\u00bb{}\u00bb][et_pb_column type=\u00bb4_4&#8243; _builder_version=\u00bb4.14.2&#8243; _module_preset=\u00bbdefault\u00bb global_colors_info=\u00bb{}\u00bb][et_pb_text _builder_version=\u00bb4.14.2&#8243; _module_preset=\u00bbdefault\u00bb header_text_align=\u00bbcenter\u00bb text_orientation=\u00bbcenter\u00bb global_colors_info=\u00bb{}\u00bb]<\/p>\n<h1>Preguntas frecuentes<\/h1>\n<p>\u00bfTen\u00e9is dudas antes de venir a visitarnos?<\/p>\n<p>\u00a1Consultad las preguntas frecuentes y, si no encontr\u00e1is la respuesta, <a href=\"https:\/\/escapefood.com\/es\/contacta\/\">contactadnos<\/a>!<\/p>\n<p>[\/et_pb_text][\/et_pb_column][\/et_pb_row][\/et_pb_section][et_pb_section fb_built=\u00bb1&#8243; _builder_version=\u00bb4.14.9&#8243; _module_preset=\u00bbdefault\u00bb background_color=\u00bb#F9EB1E\u00bb custom_padding=\u00bb100px||150px||false|false\u00bb bottom_divider_color=\u00bb#222222&#8243; bottom_divider_flip=\u00bbhorizontal\u00bb locked=\u00bboff\u00bb global_colors_info=\u00bb{}\u00bb][et_pb_row _builder_version=\u00bb4.14.2&#8243; _module_preset=\u00bbdefault\u00bb collapsed=\u00bboff\u00bb global_colors_info=\u00bb{}\u00bb][et_pb_column type=\u00bb4_4&#8243; _builder_version=\u00bb4.14.2&#8243; _module_preset=\u00bbdefault\u00bb global_colors_info=\u00bb{}\u00bb][et_pb_accordion open_toggle_background_color=\u00bb#F9EB1E\u00bb closed_toggle_background_color=\u00bb#F9EB1E\u00bb icon_color=\u00bb#DE3A34&#8243; _builder_version=\u00bb4.14.9&#8243; _module_preset=\u00bbdefault\u00bb body_text_color=\u00bb#222222&#8243; hover_enabled=\u00bb0&#8243; global_colors_info=\u00bb{}\u00bb admin_label=\u00bbAcorde\u00f3n\u00bb sticky_enabled=\u00bb0&#8243;][et_pb_accordion_item title=\u00bb\u00bfCu\u00e1ntas personas podemos participar?\u00bb _builder_version=\u00bb4.14.2&#8243; _module_preset=\u00bbdefault\u00bb global_colors_info=\u00bb{}\u00bb open=\u00bbon\u00bb]<\/p>\n<p class=\"western\" lang=\"ca-ES\">El n\u00famero m\u00ednimo de participantes es de 2 personas, y el m\u00e1ximo es de 6 (sin excepciones). Pensad que, si participa una persona m\u00e1s, el juego pierde parte de su sentido. Ha estado pensado para 6 personas como m\u00e1ximo, de manera que no haremos ninguna excepci\u00f3n.<\/p>\n<p>[\/et_pb_accordion_item][et_pb_accordion_item title=\u00bb\u00bfCon qu\u00e9 edad podemos entrar?\u00bb _builder_version=\u00bb4.14.9&#8243; _module_preset=\u00bbdefault\u00bb hover_enabled=\u00bb0&#8243; global_colors_info=\u00bb{}\u00bb open=\u00bboff\u00bb sticky_enabled=\u00bb0&#8243;]<\/p>\n<p class=\"western\" lang=\"ca-ES\">Se puede participar a partir de los 15 a\u00f1os, siempre y cuando participen, adem\u00e1s, un m\u00ednimo de 2 personas adultas. A partir de 16 a\u00f1os, no hace falta acompa\u00f1amiento.<\/p>\n<p>[\/et_pb_accordion_item][et_pb_accordion_item title=\u00bbNecesitamos cambiar la fecha de mi reserva. \u00bfC\u00f3mo lo hacemos?\u00bb _builder_version=\u00bb4.14.2&#8243; _module_preset=\u00bbdefault\u00bb global_colors_info=\u00bb{}\u00bb open=\u00bboff\u00bb]<\/p>\n<p class=\"western\" lang=\"ca-ES\">Hasta 48 horas antes, pod\u00e9is cambiar vuestra reserva de forma gratuita. Podr\u00e9is hacerlo tantas veces como lo necesit\u00e9is. Tened en cuenta que no haremos devoluciones del importe de la reserva bajo ning\u00fan concepto, ni por causas de fuerza mayor.<\/p>\n<p class=\"western\" lang=\"ca-ES\">Con menos de 48 horas de antelaci\u00f3n, pod\u00e9is modificar la reserva con 15 \u20ac de sobrecargo. En este caso, no se har\u00e1n cambios gratuitos ni devoluciones bajo ning\u00fan concepto, tampoco por causas de fuerza mayor. Como es una actividad grupal, puede venir parte del equipo (se recalcular\u00eda el precio), o incluso puede venir una persona nueva en el lugar de la que no viene.<\/p>\n<p>[\/et_pb_accordion_item][et_pb_accordion_item title=\u00bb\u00bfD\u00f3nde est\u00e1 el escape room? \u00bfC\u00f3mo se llega? \u00bfSe puede aparcar?\u00bb _builder_version=\u00bb4.14.2&#8243; _module_preset=\u00bbdefault\u00bb global_colors_info=\u00bb{}\u00bb open=\u00bboff\u00bb]<\/p>\n<p class=\"western\" lang=\"ca-ES\">El escape room est\u00e1 situado en el edificio Centro Esplai, en la siguiente direcci\u00f3n: Calle Rio Anoia, 42-54 08820 El Prat de Llobregat Para aparcar, en el mismo edificio encontrar\u00e9is un aparcamiento al aire libre (no vigilado). <\/p>\n<p lang=\"ca-ES\"><a href=\"https:\/\/www.google.com\/maps\/place\/Fundaci%C3%B3+Catalana+de+l'Esplai\/@41.3156772,2.0802597,17z\/data=!3m1!4b1!4m5!3m4!1s0x12a49e947b49f78f:0x35233620ad0e081a!8m2!3d41.3156732!4d2.0824484\">Ver mapa<\/a><\/p>\n<p>[\/et_pb_accordion_item][et_pb_accordion_item title=\u00bb\u00bfA qu\u00e9 hora tenemos que llegar?\u00bb open=\u00bboff\u00bb _builder_version=\u00bb4.14.2&#8243; _module_preset=\u00bbdefault\u00bb global_colors_info=\u00bb{}\u00bb]<\/p>\n<p class=\"western\" lang=\"ca-ES\" align=\"justify\">El equipo al completo tiene que llegar con puntualidad a la hora reservada.<\/p>\n<p class=\"western\" lang=\"ca-ES\" align=\"justify\">Se recomienda llegar con 10 minutos de antelaci\u00f3n, ya que hace falta caminar un poco desde que se llega a las instalaciones hasta la entrada de escape room. Solo esperaremos 10 minutos desde la hora reservada. Una vez pasado ese tiempo, consideraremos cancelada la reserva, sin ning\u00fan derecho a reclamaci\u00f3n.<\/p>\n<p class=\"western\" lang=\"ca-ES\" align=\"justify\">Nadie se podr\u00e1 sumar a una partida en curso, ya que queremos garantizar una buena experiencia.<\/p>\n<p>[\/et_pb_accordion_item][et_pb_accordion_item title=\u00bb\u00bfCu\u00e1nto dura?\u00bb _builder_version=\u00bb4.14.2&#8243; _module_preset=\u00bbdefault\u00bb global_colors_info=\u00bb{}\u00bb open=\u00bboff\u00bb]<\/p>\n<p class=\"western\" lang=\"ca-ES\">\u00a1Planifica tu visita! El tiempo de juego es de 60 minutos. La experiencia total puede durar hasta 75, ya que incluye la recepci\u00f3n, el juego en s\u00ed y una foto final al acabar.<\/p>\n<p>[\/et_pb_accordion_item][et_pb_accordion_item title=\u00bb\u00bfSe requiere agilidad f\u00edsica?\u00bb _builder_version=\u00bb4.14.2&#8243; _module_preset=\u00bbdefault\u00bb global_colors_info=\u00bb{}\u00bb open=\u00bboff\u00bb]<\/p>\n<p class=\"western\" lang=\"ca-ES\">Se necesita un m\u00ednimo de agilidad f\u00edsica para salir del escape room. Sin embargo, para las personas de menor agilidad o que no quieran realizar ciertos obst\u00e1culos, siempre hay un plan B. <\/p>\n<p class=\"western\" lang=\"ca-ES\">Jug\u00e1is bajo vuestro propio riesgo y deb\u00e9is tener precauci\u00f3n, porque, en alg\u00fan momento, hace falta agacharse o gatear. Es un juego apto para personas embarazadas, aunque se recomienda que cada persona valore si est\u00e1 en condiciones o no de participar en pruebas en las que hace falta cierta agilidad f\u00edsica.<\/p>\n<p>[\/et_pb_accordion_item][et_pb_accordion_item title=\u00bb\u00bfPueden participar personas con movilidad reducida?\u00bb _builder_version=\u00bb4.14.2&#8243; _module_preset=\u00bbdefault\u00bb global_colors_info=\u00bb{}\u00bb open=\u00bboff\u00bb]<\/p>\n<p class=\"western\" lang=\"ca-ES\">S\u00ed, todo el recorrido es accesible, aunque se recomienda que haya un m\u00e1ximo de una persona con movilidad reducida por equipo. En el caso de ser m\u00e1s, contactadnos y buscaremos soluciones.<\/p>\n<p>[\/et_pb_accordion_item][et_pb_accordion_item title=\u00bb\u00bfQu\u00e9 tipo de ropa hay que llevar? \u00bfD\u00f3nde guardamos las pertenencias?\u00bb _builder_version=\u00bb4.14.2&#8243; _module_preset=\u00bbdefault\u00bb global_colors_info=\u00bb{}\u00bb open=\u00bboff\u00bb]<\/p>\n<p class=\"western\" lang=\"ca-ES\">Os recomendamos llevar ropa y calzado c\u00f3modos, as\u00ed como evitar tacones u otros elementos similares que puedan complicar la partida. Se proh\u00edbe descalzarse en las salas, as\u00ed como acceder con tel\u00e9fonos, relojes y otros dispositivos electr\u00f3nicos que la persona que fa de game master considere innecesarios. Podr\u00e9is guardarlos en una taquilla cerrada con llave. No os olvid\u00e9is de las gafas de lectura, en caso de que las necesit\u00e9is habitualmente.<\/p>\n<p>[\/et_pb_accordion_item][et_pb_accordion_item title=\u00bb\u00bfHay sensaci\u00f3n de claustrofobia?\u00bb _builder_version=\u00bb4.14.2&#8243; _module_preset=\u00bbdefault\u00bb global_colors_info=\u00bb{}\u00bb open=\u00bboff\u00bb]<\/p>\n<p class=\"western\" lang=\"ca-ES\">Las instalaciones son amplias, pero algunas salas son m\u00e1s peque\u00f1as que otras. Todas est\u00e1n dotadas de botones de emergencia, y siempre estar\u00e9is en contacto con la game master, que seguir\u00e1 la partida mediante c\u00e1maras y micr\u00f3fonos para ayudaros de forma inmediata en caso de que sea necesitarlo.<\/p>\n<p class=\"western\" lang=\"ca-ES\">Si alguien sufre de claustrofobia, avisadnos al inicio de la partida.<\/p>\n<p>[\/et_pb_accordion_item][et_pb_accordion_item title=\u00bbCan we play in English?\u00bb _builder_version=\u00bb4.14.2&#8243; _module_preset=\u00bbdefault\u00bb global_colors_info=\u00bb{}\u00bb open=\u00bboff\u00bb]<\/p>\n<p class=\"western\" lang=\"ca-ES\">Sure, you and your group will be able to choose Catalan, Spanish or English to join our Escape Room.<\/p>\n<p>[\/et_pb_accordion_item][\/et_pb_accordion][\/et_pb_column][\/et_pb_row][\/et_pb_section][et_pb_section fb_built=\u00bb1&#8243; admin_label=\u00bbSection Prefooter\u00bb _builder_version=\u00bb4.14.2&#8243; _module_preset=\u00bbdefault\u00bb background_color=\u00bb#222222&#8243; custom_padding=\u00bb50px||||false|false\u00bb top_divider_style=\u00bbslant2&#8243; top_divider_color=\u00bb#FFFFFF\u00bb top_divider_flip=\u00bbhorizontal\u00bb bottom_divider_color=\u00bb#2b3955&#8243; saved_tabs=\u00bball\u00bb global_colors_info=\u00bb{}\u00bb][et_pb_row _builder_version=\u00bb4.14.2&#8243; _module_preset=\u00bbdefault\u00bb global_colors_info=\u00bb{}\u00bb][et_pb_column type=\u00bb4_4&#8243; _builder_version=\u00bb4.14.2&#8243; _module_preset=\u00bbdefault\u00bb global_colors_info=\u00bb{}\u00bb][et_pb_image src=\u00bbhttps:\/\/escapefood.com\/wp-content\/uploads\/2021\/12\/logo-escape-food-2050-blanc.png\u00bb title_text=\u00bblogo-escape-food-2050-blanc\u00bb align=\u00bbcenter\u00bb _builder_version=\u00bb4.14.9&#8243; _module_preset=\u00bbdefault\u00bb global_colors_info=\u00bb{}\u00bb][\/et_pb_image][\/et_pb_column][\/et_pb_row][\/et_pb_section]<\/p>\n","protected":false},"excerpt":{"rendered":"<p>Preguntas frecuentes \u00bfTen\u00e9is dudas antes de venir a visitarnos? \u00a1Consultad las preguntas frecuentes y, si no encontr\u00e1is la respuesta, contactadnos!El n\u00famero m\u00ednimo de participantes es de 2 personas, y el m\u00e1ximo es de 6 (sin excepciones). Pensad que, si participa una persona m\u00e1s, el juego pierde parte de su sentido. Ha estado pensado para 6 [&hellip;]<\/p>\n","protected":false},"author":1,"featured_media":0,"parent":0,"menu_order":0,"comment_status":"closed","ping_status":"closed","template":"","meta":{"_et_pb_use_builder":"on","_et_pb_old_content":"","_et_gb_content_width":"","footnotes":""},"class_list":["post-1191","page","type-page","status-publish","hentry"],"yoast_head":"<!-- This site is optimized with the Yoast SEO plugin v27.4 - https:\/\/yoast.com\/product\/yoast-seo-wordpress\/ -->\n<title>FAQs - Escape Food 2050<\/title>\n<meta name=\"robots\" content=\"index, follow, max-snippet:-1, max-image-preview:large, max-video-preview:-1\" \/>\n<link rel=\"canonical\" href=\"https:\/\/escapefood.com\/es\/faqs\/\" \/>\n<meta property=\"og:locale\" content=\"es_ES\" \/>\n<meta property=\"og:type\" content=\"article\" \/>\n<meta property=\"og:title\" content=\"FAQs - Escape Food 2050\" \/>\n<meta property=\"og:description\" content=\"Preguntas frecuentes \u00bfTen\u00e9is dudas antes de venir a visitarnos? \u00a1Consultad las preguntas frecuentes y, si no encontr\u00e1is la respuesta, contactadnos!El n\u00famero m\u00ednimo de participantes es de 2 personas, y el m\u00e1ximo es de 6 (sin excepciones). Pensad que, si participa una persona m\u00e1s, el juego pierde parte de su sentido. Ha estado pensado para 6 [&hellip;]\" \/>\n<meta property=\"og:url\" content=\"https:\/\/escapefood.com\/es\/faqs\/\" \/>\n<meta property=\"og:site_name\" content=\"Escape Food 2050\" \/>\n<meta property=\"article:modified_time\" content=\"2023-07-19T07:36:30+00:00\" \/>\n<meta name=\"twitter:card\" content=\"summary_large_image\" \/>\n<meta name=\"twitter:label1\" content=\"Tiempo de lectura\" \/>\n\t<meta name=\"twitter:data1\" content=\"6 minutos\" \/>\n<script type=\"application\/ld+json\" class=\"yoast-schema-graph\">{\"@context\":\"https:\\\/\\\/schema.org\",\"@graph\":[{\"@type\":\"WebPage\",\"@id\":\"https:\\\/\\\/escapefood.com\\\/es\\\/faqs\\\/\",\"url\":\"https:\\\/\\\/escapefood.com\\\/es\\\/faqs\\\/\",\"name\":\"FAQs - Escape Food 2050\",\"isPartOf\":{\"@id\":\"https:\\\/\\\/escapefood.com\\\/#website\"},\"datePublished\":\"2021-12-09T13:11:39+00:00\",\"dateModified\":\"2023-07-19T07:36:30+00:00\",\"breadcrumb\":{\"@id\":\"https:\\\/\\\/escapefood.com\\\/es\\\/faqs\\\/#breadcrumb\"},\"inLanguage\":\"es\",\"potentialAction\":[{\"@type\":\"ReadAction\",\"target\":[\"https:\\\/\\\/escapefood.com\\\/es\\\/faqs\\\/\"]}]},{\"@type\":\"BreadcrumbList\",\"@id\":\"https:\\\/\\\/escapefood.com\\\/es\\\/faqs\\\/#breadcrumb\",\"itemListElement\":[{\"@type\":\"ListItem\",\"position\":1,\"name\":\"Inici\",\"item\":\"https:\\\/\\\/escapefood.com\\\/\"},{\"@type\":\"ListItem\",\"position\":2,\"name\":\"FAQs\"}]},{\"@type\":\"WebSite\",\"@id\":\"https:\\\/\\\/escapefood.com\\\/#website\",\"url\":\"https:\\\/\\\/escapefood.com\\\/\",\"name\":\"Escape Food 2050\",\"description\":\"ATRAPAT PER LA TEVA COMPRA - JUGA, ACTUA, IMPACTA!\",\"potentialAction\":[{\"@type\":\"SearchAction\",\"target\":{\"@type\":\"EntryPoint\",\"urlTemplate\":\"https:\\\/\\\/escapefood.com\\\/?s={search_term_string}\"},\"query-input\":{\"@type\":\"PropertyValueSpecification\",\"valueRequired\":true,\"valueName\":\"search_term_string\"}}],\"inLanguage\":\"es\"}]}<\/script>\n<!-- \/ Yoast SEO plugin. -->","yoast_head_json":{"title":"FAQs - Escape Food 2050","robots":{"index":"index","follow":"follow","max-snippet":"max-snippet:-1","max-image-preview":"max-image-preview:large","max-video-preview":"max-video-preview:-1"},"canonical":"https:\/\/escapefood.com\/es\/faqs\/","og_locale":"es_ES","og_type":"article","og_title":"FAQs - Escape Food 2050","og_description":"Preguntas frecuentes \u00bfTen\u00e9is dudas antes de venir a visitarnos? \u00a1Consultad las preguntas frecuentes y, si no encontr\u00e1is la respuesta, contactadnos!El n\u00famero m\u00ednimo de participantes es de 2 personas, y el m\u00e1ximo es de 6 (sin excepciones). Pensad que, si participa una persona m\u00e1s, el juego pierde parte de su sentido. Ha estado pensado para 6 [&hellip;]","og_url":"https:\/\/escapefood.com\/es\/faqs\/","og_site_name":"Escape Food 2050","article_modified_time":"2023-07-19T07:36:30+00:00","twitter_card":"summary_large_image","twitter_misc":{"Tiempo de lectura":"6 minutos"},"schema":{"@context":"https:\/\/schema.org","@graph":[{"@type":"WebPage","@id":"https:\/\/escapefood.com\/es\/faqs\/","url":"https:\/\/escapefood.com\/es\/faqs\/","name":"FAQs - Escape Food 2050","isPartOf":{"@id":"https:\/\/escapefood.com\/#website"},"datePublished":"2021-12-09T13:11:39+00:00","dateModified":"2023-07-19T07:36:30+00:00","breadcrumb":{"@id":"https:\/\/escapefood.com\/es\/faqs\/#breadcrumb"},"inLanguage":"es","potentialAction":[{"@type":"ReadAction","target":["https:\/\/escapefood.com\/es\/faqs\/"]}]},{"@type":"BreadcrumbList","@id":"https:\/\/escapefood.com\/es\/faqs\/#breadcrumb","itemListElement":[{"@type":"ListItem","position":1,"name":"Inici","item":"https:\/\/escapefood.com\/"},{"@type":"ListItem","position":2,"name":"FAQs"}]},{"@type":"WebSite","@id":"https:\/\/escapefood.com\/#website","url":"https:\/\/escapefood.com\/","name":"Escape Food 2050","description":"ATRAPAT PER LA TEVA COMPRA - JUGA, ACTUA, IMPACTA!","potentialAction":[{"@type":"SearchAction","target":{"@type":"EntryPoint","urlTemplate":"https:\/\/escapefood.com\/?s={search_term_string}"},"query-input":{"@type":"PropertyValueSpecification","valueRequired":true,"valueName":"search_term_string"}}],"inLanguage":"es"}]}},"_links":{"self":[{"href":"https:\/\/escapefood.com\/es\/wp-json\/wp\/v2\/pages\/1191","targetHints":{"allow":["GET"]}}],"collection":[{"href":"https:\/\/escapefood.com\/es\/wp-json\/wp\/v2\/pages"}],"about":[{"href":"https:\/\/escapefood.com\/es\/wp-json\/wp\/v2\/types\/page"}],"author":[{"embeddable":true,"href":"https:\/\/escapefood.com\/es\/wp-json\/wp\/v2\/users\/1"}],"replies":[{"embeddable":true,"href":"https:\/\/escapefood.com\/es\/wp-json\/wp\/v2\/comments?post=1191"}],"version-history":[{"count":4,"href":"https:\/\/escapefood.com\/es\/wp-json\/wp\/v2\/pages\/1191\/revisions"}],"predecessor-version":[{"id":1284,"href":"https:\/\/escapefood.com\/es\/wp-json\/wp\/v2\/pages\/1191\/revisions\/1284"}],"wp:attachment":[{"href":"https:\/\/escapefood.com\/es\/wp-json\/wp\/v2\/media?parent=1191"}],"curies":[{"name":"wp","href":"https:\/\/api.w.org\/{rel}","templated":true}]}}